{"id":1050,"date":"2013-08-21T12:49:12","date_gmt":"2013-08-21T12:49:12","guid":{"rendered":"http:\/\/www.mateumateu.com\/contacto\/"},"modified":"2022-02-16T09:38:12","modified_gmt":"2022-02-16T09:38:12","slug":"contacte","status":"publish","type":"page","link":"https:\/\/www.mateumateu.com\/ca\/contacte\/","title":{"rendered":"CONTACTE"},"content":{"rendered":"<div class=\"fusion-fullwidth fullwidth-box fusion-builder-row-1 nonhundred-percent-fullwidth non-hundred-percent-height-scrolling\" style=\"background-color: rgba(255,255,255,0);background-position: center center;background-repeat: no-repeat;padding-top:0px;padding-right:0px;padding-bottom:0px;padding-left:0px;margin-bottom: 0px;margin-top: 0px;border-width: 0px 0px 0px 0px;border-color:#eae9e9;border-style:solid;\" ><div class=\"fusion-builder-row fusion-row\"><div class=\"fusion-layout-column fusion_builder_column fusion-builder-column-0 fusion_builder_column_2_5 2_5 fusion-two-fifth fusion-column-first\" style=\"width:37.6%; margin-right: 4%;margin-top:0px;margin-bottom:0px;\"><div class=\"fusion-column-wrapper fusion-flex-column-wrapper-legacy\" style=\"background-position:left top;background-repeat:no-repeat;-webkit-background-size:cover;-moz-background-size:cover;-o-background-size:cover;background-size:cover;padding: 20px 0px 0px 0px;\"><div class=\"fusion-text fusion-text-1\"><p><span id=\"result_box\" class=\"\" lang=\"ca\" tabindex=\"-1\">Necessites ajuda <span class=\"\">amb<\/span> algun projecte? Deixa el teu missatge i et respondr\u00e9 el m\u00e9s aviat possible.<\/span><\/p>\n<\/div><div class=\"fusion-clearfix\"><\/div><\/div><\/div><div class=\"fusion-layout-column fusion_builder_column fusion-builder-column-1 fusion_builder_column_3_5 3_5 fusion-three-fifth fusion-column-last\" style=\"width:58.4%;margin-top:0px;margin-bottom:0px;\"><div class=\"fusion-column-wrapper fusion-flex-column-wrapper-legacy\" style=\"background-position:left top;background-repeat:no-repeat;-webkit-background-size:cover;-moz-background-size:cover;-o-background-size:cover;background-size:cover;padding: 0px 0px 0px 0px;\">\n<div class=\"wpcf7 no-js\" id=\"wpcf7-f1052-o1\" lang=\"es-ES\" dir=\"ltr\" data-wpcf7-id=\"1052\">\n<div class=\"screen-reader-response\"><p role=\"status\" aria-live=\"polite\" aria-atomic=\"true\"><\/p> <ul><\/ul><\/div>\n<form action=\"\/ca\/wp-json\/wp\/v2\/pages\/1050#wpcf7-f1052-o1\" method=\"post\" class=\"wpcf7-form init\" aria-label=\"Formulario de contacto\" novalidate=\"novalidate\" data-status=\"init\">\n<fieldset class=\"hidden-fields-container\"><input type=\"hidden\" name=\"_wpcf7\" value=\"1052\" \/><input type=\"hidden\" name=\"_wpcf7_version\" value=\"6.1\" \/><input type=\"hidden\" name=\"_wpcf7_locale\" value=\"es_ES\" \/><input type=\"hidden\" name=\"_wpcf7_unit_tag\" value=\"wpcf7-f1052-o1\" \/><input type=\"hidden\" name=\"_wpcf7_container_post\" value=\"0\" \/><input type=\"hidden\" name=\"_wpcf7_posted_data_hash\" value=\"\" \/>\n<\/fieldset>\n<p><label><br \/>\n<span class=\"wpcf7-form-control-wrap\" data-name=\"your-name\"><input size=\"40\" maxlength=\"400\" class=\"wpcf7-form-control wpcf7-text wpcf7-validates-as-required\" aria-required=\"true\" aria-invalid=\"false\" placeholder=\"Nom\" value=\"\" type=\"text\" name=\"your-name\" \/><\/span> <\/label>\n<\/p>\n<p><label><br \/>\n<span class=\"wpcf7-form-control-wrap\" data-name=\"your-email\"><input size=\"40\" maxlength=\"400\" class=\"wpcf7-form-control wpcf7-email wpcf7-validates-as-required wpcf7-text wpcf7-validates-as-email\" aria-required=\"true\" aria-invalid=\"false\" placeholder=\"Email\" value=\"\" type=\"email\" name=\"your-email\" \/><\/span> <\/label>\n<\/p>\n<p><label><br \/>\n<span class=\"wpcf7-form-control-wrap\" data-name=\"your-subject\"><input size=\"40\" maxlength=\"400\" class=\"wpcf7-form-control wpcf7-text\" aria-invalid=\"false\" placeholder=\"Assumpte\" value=\"\" type=\"text\" name=\"your-subject\" \/><\/span> <\/label>\n<\/p>\n<p><label><br \/>\n<span class=\"wpcf7-form-control-wrap\" data-name=\"your-message\"><textarea cols=\"40\" rows=\"10\" maxlength=\"2000\" class=\"wpcf7-form-control wpcf7-textarea\" aria-invalid=\"false\" placeholder=\"Messatge\" name=\"your-message\"><\/textarea><\/span> <\/label>\n<\/p>\n<p><input class=\"wpcf7-form-control wpcf7-submit has-spinner\" type=\"submit\" value=\"Enviar\" \/>\n<\/p>\n<p><span class=\"wpcf7-form-control-wrap\" data-name=\"acceptance-41\"><span class=\"wpcf7-form-control wpcf7-acceptance\"><span class=\"wpcf7-list-item\"><input type=\"checkbox\" name=\"acceptance-41\" value=\"1\" aria-invalid=\"false\" \/><\/span><\/span><\/span> He llegit i accept <a href=\"\/datos-personales\/\">l\u00b4us de dades personals.<\/a>\n<\/p><div class=\"fusion-alert alert custom alert-custom fusion-alert-center wpcf7-response-output alert-dismissable\" style=\"border-width:1px;\"><button type=\"button\" class=\"close toggle-alert\" data-dismiss=\"alert\" aria-label=\"Close\">&times;<\/button><div class=\"fusion-alert-content-wrapper\"><span class=\"fusion-alert-content\"><\/span><\/div><\/div>\n<\/form>\n<\/div>\n<div class=\"fusion-clearfix\"><\/div><\/div><\/div><\/div><\/div>\n","protected":false},"excerpt":{"rendered":"Necessites ajuda amb algun projecte? Deixa el teu missatge i [...]","protected":false},"author":1,"featured_media":0,"parent":0,"menu_order":8,"comment_status":"closed","ping_status":"closed","template":"contact.php","meta":{"footnotes":""},"class_list":["post-1050","page","type-page","status-publish","hentry"],"yoast_head":"<!-- This site is optimized with the Yoast SEO plugin v25.4 - https:\/\/yoast.com\/wordpress\/plugins\/seo\/ -->\n<title>Contacto | Agencia de Marketing Mateu Mateu<\/title>\n<meta name=\"description\" content=\"Datos de contacto de nuestra Agencia de Marketing, Estrategia y Comunicaci\u00f3n. Estamos localizados en Mallorca y trabajamos a distancia con cualquier pa\u00eds o localizaci\u00f3n.\" \/>\n<meta name=\"robots\" content=\"index, follow, max-snippet:-1, max-image-preview:large, max-video-preview:-1\" \/>\n<link rel=\"canonical\" href=\"https:\/\/www.mateumateu.com\/ca\/contacte\/\" \/>\n<meta property=\"og:locale\" content=\"ca_ES\" \/>\n<meta property=\"og:type\" content=\"article\" \/>\n<meta property=\"og:title\" content=\"Contacto | Agencia de Marketing Mateu Mateu\" \/>\n<meta property=\"og:description\" content=\"Datos de contacto de nuestra Agencia de Marketing, Estrategia y Comunicaci\u00f3n. Estamos localizados en Mallorca y trabajamos a distancia con cualquier pa\u00eds o localizaci\u00f3n.\" \/>\n<meta property=\"og:url\" content=\"https:\/\/www.mateumateu.com\/ca\/contacte\/\" \/>\n<meta property=\"og:site_name\" content=\"Jaume Mateu Mateu\" \/>\n<meta property=\"article:modified_time\" content=\"2022-02-16T09:38:12+00:00\" \/>\n<meta name=\"twitter:label1\" content=\"Temps estimat de lectura\" \/>\n\t<meta name=\"twitter:data1\" content=\"1 minut\" \/>\n<script type=\"application\/ld+json\" class=\"yoast-schema-graph\">{\"@context\":\"https:\/\/schema.org\",\"@graph\":[{\"@type\":\"WebPage\",\"@id\":\"https:\/\/www.mateumateu.com\/ca\/contacte\/\",\"url\":\"https:\/\/www.mateumateu.com\/ca\/contacte\/\",\"name\":\"Contacto | Agencia de Marketing Mateu Mateu\",\"isPartOf\":{\"@id\":\"http:\/\/www.mateumateu.com\/#website\"},\"datePublished\":\"2013-08-21T12:49:12+00:00\",\"dateModified\":\"2022-02-16T09:38:12+00:00\",\"description\":\"Datos de contacto de nuestra Agencia de Marketing, Estrategia y Comunicaci\u00f3n. Estamos localizados en Mallorca y trabajamos a distancia con cualquier pa\u00eds o localizaci\u00f3n.\",\"inLanguage\":\"ca\",\"potentialAction\":[{\"@type\":\"ReadAction\",\"target\":[\"https:\/\/www.mateumateu.com\/ca\/contacte\/\"]}]},{\"@type\":\"WebSite\",\"@id\":\"http:\/\/www.mateumateu.com\/#website\",\"url\":\"http:\/\/www.mateumateu.com\/\",\"name\":\"MateuMateu Marketing Consulting\",\"description\":\"Marketing &amp; Business Consultancy\",\"publisher\":{\"@id\":\"http:\/\/www.mateumateu.com\/#organization\"},\"potentialAction\":[{\"@type\":\"SearchAction\",\"target\":{\"@type\":\"EntryPoint\",\"urlTemplate\":\"http:\/\/www.mateumateu.com\/?s={search_term_string}\"},\"query-input\":{\"@type\":\"PropertyValueSpecification\",\"valueRequired\":true,\"valueName\":\"search_term_string\"}}],\"inLanguage\":\"ca\"},{\"@type\":\"Organization\",\"@id\":\"http:\/\/www.mateumateu.com\/#organization\",\"name\":\"Jaume Mateu Mateu\",\"url\":\"http:\/\/www.mateumateu.com\/\",\"logo\":{\"@type\":\"ImageObject\",\"inLanguage\":\"ca\",\"@id\":\"http:\/\/www.mateumateu.com\/#\/schema\/logo\/image\/\",\"url\":\"https:\/\/www.mateumateu.com\/wp-content\/uploads\/2022\/01\/logo-1.png\",\"contentUrl\":\"https:\/\/www.mateumateu.com\/wp-content\/uploads\/2022\/01\/logo-1.png\",\"width\":288,\"height\":75,\"caption\":\"Jaume Mateu Mateu\"},\"image\":{\"@id\":\"http:\/\/www.mateumateu.com\/#\/schema\/logo\/image\/\"}}]}<\/script>\n<!-- \/ Yoast SEO plugin. -->","yoast_head_json":{"title":"Contacto | Agencia de Marketing Mateu Mateu","description":"Datos de contacto de nuestra Agencia de Marketing, Estrategia y Comunicaci\u00f3n. Estamos localizados en Mallorca y trabajamos a distancia con cualquier pa\u00eds o localizaci\u00f3n.","robots":{"index":"index","follow":"follow","max-snippet":"max-snippet:-1","max-image-preview":"max-image-preview:large","max-video-preview":"max-video-preview:-1"},"canonical":"https:\/\/www.mateumateu.com\/ca\/contacte\/","og_locale":"ca_ES","og_type":"article","og_title":"Contacto | Agencia de Marketing Mateu Mateu","og_description":"Datos de contacto de nuestra Agencia de Marketing, Estrategia y Comunicaci\u00f3n. Estamos localizados en Mallorca y trabajamos a distancia con cualquier pa\u00eds o localizaci\u00f3n.","og_url":"https:\/\/www.mateumateu.com\/ca\/contacte\/","og_site_name":"Jaume Mateu Mateu","article_modified_time":"2022-02-16T09:38:12+00:00","twitter_misc":{"Temps estimat de lectura":"1 minut"},"schema":{"@context":"https:\/\/schema.org","@graph":[{"@type":"WebPage","@id":"https:\/\/www.mateumateu.com\/ca\/contacte\/","url":"https:\/\/www.mateumateu.com\/ca\/contacte\/","name":"Contacto | Agencia de Marketing Mateu Mateu","isPartOf":{"@id":"http:\/\/www.mateumateu.com\/#website"},"datePublished":"2013-08-21T12:49:12+00:00","dateModified":"2022-02-16T09:38:12+00:00","description":"Datos de contacto de nuestra Agencia de Marketing, Estrategia y Comunicaci\u00f3n. Estamos localizados en Mallorca y trabajamos a distancia con cualquier pa\u00eds o localizaci\u00f3n.","inLanguage":"ca","potentialAction":[{"@type":"ReadAction","target":["https:\/\/www.mateumateu.com\/ca\/contacte\/"]}]},{"@type":"WebSite","@id":"http:\/\/www.mateumateu.com\/#website","url":"http:\/\/www.mateumateu.com\/","name":"MateuMateu Marketing Consulting","description":"Marketing &amp; Business Consultancy","publisher":{"@id":"http:\/\/www.mateumateu.com\/#organization"},"potentialAction":[{"@type":"SearchAction","target":{"@type":"EntryPoint","urlTemplate":"http:\/\/www.mateumateu.com\/?s={search_term_string}"},"query-input":{"@type":"PropertyValueSpecification","valueRequired":true,"valueName":"search_term_string"}}],"inLanguage":"ca"},{"@type":"Organization","@id":"http:\/\/www.mateumateu.com\/#organization","name":"Jaume Mateu Mateu","url":"http:\/\/www.mateumateu.com\/","logo":{"@type":"ImageObject","inLanguage":"ca","@id":"http:\/\/www.mateumateu.com\/#\/schema\/logo\/image\/","url":"https:\/\/www.mateumateu.com\/wp-content\/uploads\/2022\/01\/logo-1.png","contentUrl":"https:\/\/www.mateumateu.com\/wp-content\/uploads\/2022\/01\/logo-1.png","width":288,"height":75,"caption":"Jaume Mateu Mateu"},"image":{"@id":"http:\/\/www.mateumateu.com\/#\/schema\/logo\/image\/"}}]}},"_links":{"self":[{"href":"https:\/\/www.mateumateu.com\/ca\/wp-json\/wp\/v2\/pages\/1050","targetHints":{"allow":["GET"]}}],"collection":[{"href":"https:\/\/www.mateumateu.com\/ca\/wp-json\/wp\/v2\/pages"}],"about":[{"href":"https:\/\/www.mateumateu.com\/ca\/wp-json\/wp\/v2\/types\/page"}],"author":[{"embeddable":true,"href":"https:\/\/www.mateumateu.com\/ca\/wp-json\/wp\/v2\/users\/1"}],"replies":[{"embeddable":true,"href":"https:\/\/www.mateumateu.com\/ca\/wp-json\/wp\/v2\/comments?post=1050"}],"version-history":[{"count":3,"href":"https:\/\/www.mateumateu.com\/ca\/wp-json\/wp\/v2\/pages\/1050\/revisions"}],"predecessor-version":[{"id":1332,"href":"https:\/\/www.mateumateu.com\/ca\/wp-json\/wp\/v2\/pages\/1050\/revisions\/1332"}],"wp:attachment":[{"href":"https:\/\/www.mateumateu.com\/ca\/wp-json\/wp\/v2\/media?parent=1050"}],"curies":[{"name":"wp","href":"https:\/\/api.w.org\/{rel}","templated":true}]}}